{"id":92,"date":"2024-09-16T13:47:10","date_gmt":"2024-09-16T13:47:10","guid":{"rendered":"https:\/\/shehu.growizzcrm.com\/search-car\/"},"modified":"2026-03-17T13:25:04","modified_gmt":"2026-03-17T12:25:04","slug":"makine-kerkimi","status":"publish","type":"page","link":"https:\/\/driveinalbania.com\/al\/makine-kerkimi\/","title":{"rendered":"K\u00ebrko makin\u00eb"},"content":{"rendered":"<style>\n\t\n\t.vrcstartfrom {\n\t\tmargin-top: 0;\n\t\tfont-weight: 300 !important\n\t}\n\t\n\t.vrc-main-title {\n\t\tdisplay: none\n\t}\n\t\n\t.vrc-car-result-rightinner,\n\t.vrc-car-result-rightinner-deep {\n\t\theight: 100%;\n\t}\n\t\n\t.vrc-car-lastblock {\n\t\tpadding-top: 0 !important;\n\t\tpadding: 13px;\n\t}\n\t\n\t.vrc-car-category {\n\t\tfont-size: 10px !important;\n\t\tcolor: black;\n\t\tfont-weight: 300;\n\t}\n\t\n\t.vrc-car-name {\n\t\tmargin-bottom: 5px !important;\n\t\tfont-size: 16px;\n\t\tfont-weight: 600\n\t}\n\t\n\t.vrc-search-results-block {\n\t\tdisplay: grid;\n\t\tgrid-template-columns: repeat(4 ,1fr) !important;\n\t\tgap: 20px;\n\t\tmargin-bottom: 20px\n\t}\n\t\n\t.vrc-car-result-description {\n\t\tdisplay: none\n\t}\n\t\n\t.vrc-car-result-inner {\n\t\tmin-height: unset !important;\n\t\tpadding-bottom: 0\n\t}\n\t\n\t.vrc-car-result-left {\n\t\tpadding: 0;\n\t\tflex-basis: unset;\n\t\theight: 282px;\n\t}\n\t\n\t\n\t.car_result .imgresult {\n\t\theight: 100%;\n\t\tobject-fit: cover;\n\t\twidth: 100%;\n\t}\n\t\n\t.car_result .booknow {\n\t\tmargin: unset;\n\t\twidth: 100%; \n\t\tdisplay: flex !important;\n\t\ttext-transform: unset;\n\t\ttext-align: left;\n\t\tmargin-top: 23px;\n\t\tmargin-top: 0;\n\t\tpadding: 0 10px;\n\t\theight: 38px\n\t}\n\t\n\t.car_result,\n\t.vrc-car-result-rightinner-deep {\n\t\tflex-direction: column;\n\t\tflex-wrap: unset;\n\t}\n\t\n\t.vrcsrowpricediv {\n\t\tdisplay: flex;\n\t\talign-items: center; \n\t\tgap: 2px;\n\t\tfont-size: 13px; \n\t}\t\n\n\t.vrcsrowpricediv * {\n\t\tfont-size: 13px; \n\t\tcolor: black !important;\n\t}\n\n\t.vrc-car-price {\n\t\tpadding-bottom: 16px;\n\t\tborder-bottom: 1px solid #8A8A8A;\n\t\tcolor: black !important;\n\t}\n\t\n\t .vrcmodcarsgridboxdiv .vrccaratsdiv,\n\t .car_result .vrccaratsdiv {\n\t\tdisplay: flex;\n\t\n\t\twidth: 100%;\n\t\tflex-wrap: wrap\n\t}\n\t\n\t.car_result  {\n\t\tbackground-color: #F3F3F3;\n\t\tborder-radius: 10px;\n\t\toverflow: hidden;\n\t}\n\t\n\t.vrc-car-bookingbtn {\n\t\tmargin-top: 24px\n\t}\n\t\n\t.vrc-save-order-block .btn {\n\t\tmargin-bottom: 0 !important\n\t}\n\t\n\t.vrc-goback-block {\n\t\tmargin-top: 0;\n\t\tmargin-right:10px\n\t}\n\t\n\t.vrc-oconfirm-footer {\n\t\tmargin-top: 20px\n\t}\n\t\n\t.vrc-showprc-prices-inner * {\n\t\tcolor: black\n\t}\n\t\n\t@media only screen and (max-width: 1024px) {\n\t\t.vrc-search-results-block {\n\t\t\tgrid-template-columns: repeat(2 ,1fr) !important;\n\t\t}\n\t}\n\t\n\t@media screen and (max-width:767px) { \n\t\t.car_result .vrc-car-result-left {\n\t\t\theight: 189px;\n\t\t\tmargin-bottom: 10px\n\t\t}\n\t\t\n\t\t\n\t\t.vrc-search-results-block {\n\t\t\tcolumn-gap: 7px;\n\t\t\trow-gap: 17px\n\t\t}\n\t\t\n\t\t\n\t\t.car_result  .vrc-car-name {\n\t\t\tfont-size: 13px\n\t\t}\n\t\t\n\t\t.vrcsrowpricediv * {\n\t\t\tfont-size: 10px\n\t\t}\n\t}\n\t\n\t\n\t\n\t@media screen and (max-width: 660px) {\n\t\t\n\t\t.car_result .vrc-car-lastblock {\n\t\t\tborder-top: 0\n\t\t}\n\t\t\n\t\t\n\t\t\n\t\t\n\t\t.car_result .vrc-car-result-left {\n\t\t\twidth: 100%;\n\t\t\tflex-basis: unset;\n\t\t\ttext-align: center;\n\t\t\t\n\t\t}\n\t\t\n\t\t.vrc-car-lastblock {\n\t\t\tpadding-top: 0 !important;\n\t\t\tpadding: 12px;\n\t\t\n\t\t}\n\t\t\n\t\t.car_result .vrc-car-bookingbtn {\n\t\t\t\tmargin-top: 0;\n\t\t\t\n\t\t\t\n\t\t}\n\t\t\n\t\t.car_result .booknow {\n\t\t\t\theight: 29px;\n\t\t\tfont-size: 11px;\n\t\t}\n\t\t\n\t\t.car_result .vrc-car-result-inner {\n\t\t\twidth: 100%;\n\t\t\tpadding: 0 12px;\n\t\t}\n\t}\n\t\n\t@media screen and (max-width: 580px) {\n    .vrc-oconfirm-footer .vrc-save-order-block {\n        margin: 0px;\n       \n    }\n}\n<\/style>\n\n\n<div class=\"gb-container gb-container-7c08f896 alignfull\">\n<div class=\"gb-container gb-container-1b8aeb41 normal-container\">\n\n<h1 class=\"gb-headline gb-headline-23cb0ac3 gb-headline-text\">K\u00ebrko<\/h1>\n\n<\/div>\n<\/div>\n\n\n<p class=\"gb-headline gb-headline-45fa08b8 gb-headline-text cancell-pol\"><strong>Politika e Anulimit<\/strong>T\u00eb gjitha rezervimet e anulluara t\u00eb pakt\u00ebn 20 dit\u00eb p\u00ebrpara dat\u00ebs s\u00eb caktuar t\u00eb marrjes jan\u00eb t\u00eb drejta p\u00ebr rimbursim t\u00eb plot\u00eb; anullimet brenda 20 dit\u00ebve nga data e marrjes nuk jan\u00eb t\u00eb rimbursueshme dhe \u00e7do depozit\u00eb ose pages\u00eb paraprake do t\u00eb mbahet.<\/p>\n\n\n<div class=\"gb-container gb-container-7140c3e4 custom-car-loop\">\n\n\n<div class=\"wrap plugin-container\">\n\n\t\n\t\n\t<h3 class=\"vrc-main-title\">Drejtoni makin\u00ebn n\u00eb Shqip\u00ebri<\/h3><div class=\"vrcdivsearch\"><div class=\"vrcdivsearch-inner\"><form action=\"https:\/\/driveinalbania.com\/al\/makine-kerkimi\/?option=com_vikrentcar\" method=\"post\" onsubmit=\"return vrcValidateSearch();\" data-trp-original-action=\"https:\/\/driveinalbania.com\/al\/makine-kerkimi\/?option=com_vikrentcar\">\n<input type=\"hidden\" name=\"option\" value=\"com_vikrentcar\"\/>\n<input type=\"hidden\" name=\"task\" value=\"search\"\/>\n<div class=\"vrc-searchf-section-locations\">\n<div class=\"vrcsfentrycont\"><label for=\"place\">Vendndodhja e marrjes<\/label><div class=\"vrcsfentryselect\"><select name=\"place\" id=\"place\"><option value=\"1\" id=\"place1\">Aeroporti i Tiran\u00ebs<\/option>\n<option value=\"3\" id=\"place3\">Qyteti i Tiran\u00ebs<\/option>\n<option value=\"4\" id=\"place4\">Durr\u00ebsi<\/option>\n<option value=\"5\" id=\"place5\">Shkoder<\/option>\n<option value=\"6\" id=\"place6\">Vlor\u00eb<\/option>\n<option value=\"7\" id=\"place7\">Sarande<\/option>\n<\/select><\/div><\/div>\n<div class=\"vrcsfentrycont\"><label for=\"returnplace\">Vendndodhja e l\u00ebshimit<\/label><div class=\"vrcsfentryselect\"><select name=\"returnplace\" id=\"returnplace\"><option value=\"1\" id=\"returnplace1\">Aeroporti i Tiran\u00ebs<\/option>\n<option value=\"3\" id=\"returnplace3\">Qyteti i Tiran\u00ebs<\/option>\n<option value=\"4\" id=\"returnplace4\">Durr\u00ebsi<\/option>\n<option value=\"5\" id=\"returnplace5\">Shkoder<\/option>\n<option value=\"6\" id=\"returnplace6\">Vlor\u00eb<\/option>\n<option value=\"7\" id=\"returnplace7\">Sarande<\/option>\n<\/select><\/div><\/div>\n<\/div>\n<div class=\"vrc-searchf-section-datetimes\">\n<div class=\"vrcsfentrycont\">\n\t<div class=\"vrcsfentrylabsel\">\n\t\t<label for=\"pickupdate\">Data e marrjes<\/label>\n\t\t<div class=\"vrcsfentrydate\">\n\t\t\t<input type=\"text\" name=\"pickupdate\" id=\"pickupdate\" size=\"10\" autocomplete=\"off\" onfocus=\"this.blur();\" readonly><i class=\"far fa-calendar-alt vrc-caltrigger\"><\/i>\n\t\t<\/div>\n\t<\/div>\n\t<div class=\"vrcsfentrytime\">\n\t\t<label for=\"pickuph\">Koha e marrjes<\/label>\n\t\t<div class=\"vrc-sf-time-container\">\n\t\t\t<span id=\"vrccomselph\"><select id=\"pickuph\" name=\"pickuph\"><option value=\"0\">00<\/option>\n<option value=\"1\">01<\/option>\n<option value=\"2\">02<\/option>\n<option value=\"3\">03<\/option>\n<option value=\"4\">04<\/option>\n<option value=\"5\">05<\/option>\n<option value=\"6\">06<\/option>\n<option value=\"7\">07<\/option>\n<option value=\"8\">08<\/option>\n<option value=\"9\">09<\/option>\n<option value=\"10\">10<\/option>\n<option value=\"11\">11<\/option>\n<option value=\"12\">12<\/option>\n<option value=\"13\">13<\/option>\n<option value=\"14\">14<\/option>\n<option value=\"15\">15<\/option>\n<option value=\"16\">16<\/option>\n<option value=\"17\">17<\/option>\n<option value=\"18\">18<\/option>\n<option value=\"19\">19<\/option>\n<option value=\"20\">20<\/option>\n<option value=\"21\">21<\/option>\n<option value=\"22\">22<\/option>\n<option value=\"23\">23<\/option>\n<\/select><\/span>\n\t\t\t<span class=\"vrctimesep\">:<\/span>\n\t\t\t<span id=\"vrccomselpm\"><select name=\"pickupm\"><option value=\"0\" selected=\"selected\">00<\/option>\n<option value=\"15\">15<\/option>\n<option value=\"30\">30<\/option>\n<option value=\"45\">45<\/option>\n<\/select><\/span>\n\t\t<\/div>\n\t<\/div>\n<\/div>\n<div class=\"vrcsfentrycont\">\n\t<div class=\"vrcsfentrylabsel\">\n\t\t<label for=\"releasedate\">Data e l\u00ebshimit<\/label>\n\t\t<div class=\"vrcsfentrydate\">\n\t\t\t<input type=\"text\" name=\"releasedate\" id=\"releasedate\" size=\"10\" autocomplete=\"off\" onfocus=\"this.blur();\" readonly><i class=\"far fa-calendar-alt vrc-caltrigger\"><\/i>\n\t\t<\/div>\n\t<\/div>\n\t<div class=\"vrcsfentrytime\">\n\t\t<label for=\"releaseh\">Koha e l\u00ebshimit<\/label>\n\t\t<div class=\"vrc-sf-time-container\">\n\t\t\t<span id=\"vrccomseldh\"><select id=\"releaseh\" name=\"releaseh\"><option value=\"0\">00<\/option>\n<option value=\"1\">01<\/option>\n<option value=\"2\">02<\/option>\n<option value=\"3\">03<\/option>\n<option value=\"4\">04<\/option>\n<option value=\"5\">05<\/option>\n<option value=\"6\">06<\/option>\n<option value=\"7\">07<\/option>\n<option value=\"8\">08<\/option>\n<option value=\"9\">09<\/option>\n<option value=\"10\">10<\/option>\n<option value=\"11\">11<\/option>\n<option value=\"12\">12<\/option>\n<option value=\"13\">13<\/option>\n<option value=\"14\">14<\/option>\n<option value=\"15\">15<\/option>\n<option value=\"16\">16<\/option>\n<option value=\"17\">17<\/option>\n<option value=\"18\">18<\/option>\n<option value=\"19\">19<\/option>\n<option value=\"20\">20<\/option>\n<option value=\"21\">21<\/option>\n<option value=\"22\">22<\/option>\n<option value=\"23\">23<\/option>\n<\/select><\/span>\n\t\t\t<span class=\"vrctimesep\">:<\/span>\n\t\t\t<span id=\"vrccomseldm\"><select name=\"releasem\"><option value=\"0\" selected=\"selected\">00<\/option>\n<option value=\"15\">15<\/option>\n<option value=\"30\">30<\/option>\n<option value=\"45\">45<\/option>\n<\/select><\/span>\n\t\t<\/div>\n\t<\/div>\n<\/div>\n<\/div>\n<div class=\"vrc-searchf-section-categories\"><div class=\"vrcsfentrycont\"><label for=\"vrc-categories\">Kategoria e makinave<\/label><div class=\"vrcsfentryselect\"><select id=\"vrc-categories\" name=\"categories\"><option value=\"all\">\u00c7do<\/option>\n<option value=\"1\">Ekonomike<\/option>\n<option value=\"2\">Sedan<\/option>\n<option value=\"3\">SUV<\/option>\n<option value=\"4\">Minibus<\/option>\n<option value=\"5\">Makin\u00eb familjare<\/option>\n<\/select><\/div><\/div>\n<\/div><div class=\"vrc-searchf-section-sbmt\"><div class=\"vrcsfentrycont\"><div class=\"vrcsfentrysubmit\"><input type=\"submit\" name=\"search\" value=\"K\u00ebrko\" class=\"btn vrc-search-btn vrc-pref-color-btn\"\/><\/div><\/div>\n<\/div><input type=\"hidden\" name=\"trp-form-language\" value=\"al\"\/><\/div>\n<\/form><\/div>\t<script type=\"text\/javascript\">\r\n\tfunction vrcCleanNumber(snum) {\r\n\t\tif (snum.length > 1 && snum.substr(0, 1) == '0') {\r\n\t\t\treturn parseInt(snum.substr(1));\r\n\t\t}\r\n\t\treturn parseInt(snum);\r\n\t}\r\n\tfunction vrcFormatTime(h, m) {\r\n\t\tvar time_format = 'H:i';\r\n\t\tvar time_ftfour = (time_format == 'H:i');\r\n\t\tvar time_ampm = '';\r\n\t\tif (!time_ftfour) {\r\n\t\t\tif (h >= 12 && h < 24) {\r\n\t\t\t\ttime_ampm = ' PM';\r\n\t\t\t\tif (h > 12) {\r\n\t\t\t\t\th -= 12;\r\n\t\t\t\t}\r\n\t\t\t} else {\r\n\t\t\t\ttime_ampm = ' AM';\r\n\t\t\t}\r\n\t\t}\r\n\t\treturn (h < 10 ? ('0' + h) : h) + ':' + ((m < 10 ? ('0' + m) : m)) + time_ampm;\r\n\t}\r\n\tfunction vrcValidateSearch() {\r\n\t\tif (typeof jQuery === 'undefined' || typeof vrc_wopening_pick === 'undefined') {\r\n\t\t\treturn true;\r\n\t\t}\r\n\t\tif (vrc_mopening_pick !== null) {\r\n\t\t\t\/\/ pickup time\r\n\t\t\tvar pickh = jQuery('#vrccomselph').find('select').val();\r\n\t\t\tvar pickm = jQuery('#vrccomselpm').find('select').val();\r\n\t\t\tif (!pickh || !pickh.length || !pickm) {\r\n\t\t\t\treturn true;\r\n\t\t\t}\r\n\t\t\tpickh = vrcCleanNumber(pickh);\r\n\t\t\tpickm = vrcCleanNumber(pickm);\r\n\t\t\tif (pickh == vrc_mopening_pick[0]) {\r\n\t\t\t\tif (pickm < vrc_mopening_pick[1]) {\r\n\t\t\t\t\t\/\/ location is still closed at this time\r\n\t\t\t\t\tjQuery('#vrccomselpm').find('select').html('<option value=\"'+vrc_mopening_pick[1]+'\">'+(vrc_mopening_pick[1] < 10 ? '0'+vrc_mopening_pick[1] : vrc_mopening_pick[1])+'<\/option>').val(vrc_mopening_pick[1]);\r\n\t\t\t\t\talert(Joomla.JText._('VRC_LOC_WILL_OPEN_TIME').replace('%s', vrcFormatTime(vrc_mopening_pick[0], vrc_mopening_pick[1])));\r\n\t\t\t\t\t\/\/ do not return false as we are overwriting the pickup time\r\n\t\t\t\t\t\/\/ return false;\r\n\t\t\t\t}\r\n\t\t\t}\r\n\t\t\tif (pickh == vrc_mopening_pick[2]) {\r\n\t\t\t\tif (pickm > vrc_mopening_pick[3]) {\r\n\t\t\t\t\t\/\/ location is already closed at this time for a pick up\r\n\t\t\t\t\tjQuery('#vrccomselpm').find('select').html('<option value=\"'+vrc_mopening_pick[3]+'\">'+(vrc_mopening_pick[3] < 10 ? '0'+vrc_mopening_pick[3] : vrc_mopening_pick[3])+'<\/option>').val(vrc_mopening_pick[3]);\r\n\t\t\t\t\talert(Joomla.JText._('VRC_LOC_WILL_CLOSE_TIME').replace('%s', vrcFormatTime(vrc_mopening_pick[2], vrc_mopening_pick[3])));\r\n\t\t\t\t\t\/\/ do not return false as we are overwriting the pickup time\r\n\t\t\t\t\t\/\/ return false;\r\n\t\t\t\t}\r\n\t\t\t}\r\n\t\t\t\/\/ check for breaks\r\n\t\t\tif (vrc_mopening_pick[4] && vrc_mopening_pick[4].length) {\r\n\t\t\t\tfor (var b = 0; b < vrc_mopening_pick[4].length; b++) {\r\n\t\t\t\t\tif (!vrc_mopening_pick[4][b].hasOwnProperty('fh')) {\r\n\t\t\t\t\t\tcontinue;\r\n\t\t\t\t\t}\r\n\t\t\t\t\tvar break_mess = Joomla.JText._('VRC_PICKLOC_IS_ON_BREAK_TIME_FROM_TO')\r\n\t\t\t\t\t\t.replace('%s', vrcFormatTime(vrc_mopening_pick[4][b]['fh'], vrc_mopening_pick[4][b]['fm']))\r\n\t\t\t\t\t\t.replace('%s', vrcFormatTime(vrc_mopening_pick[4][b]['th'], vrc_mopening_pick[4][b]['tm']));\r\n\t\t\t\t\tvar break_from_secs = (vrc_mopening_pick[4][b]['fh'] * 3600) + (vrc_mopening_pick[4][b]['fm'] * 60);\r\n\t\t\t\t\tvar break_to_secs = (vrc_mopening_pick[4][b]['th'] * 3600) + (vrc_mopening_pick[4][b]['tm'] * 60);\r\n\t\t\t\t\tvar pick_secs = (pickh * 3600) + (pickm * 60);\r\n\t\t\t\t\tif (pick_secs > break_from_secs && pick_secs < break_to_secs) {\r\n\t\t\t\t\t\t\/\/ the location is on break at this time\r\n\t\t\t\t\t\talert(break_mess);\r\n\t\t\t\t\t\treturn false;\r\n\t\t\t\t\t} else if (vrc_mopening_pick[4][b]['fh'] > vrc_mopening_pick[4][b]['th'] && pick_secs < break_from_secs && pick_secs < break_to_secs) {\r\n\t\t\t\t\t\t\/\/ overnight break, with time after midnight\r\n\t\t\t\t\t\talert(break_mess);\r\n\t\t\t\t\t\treturn false;\r\n\t\t\t\t\t} else if (vrc_mopening_pick[4][b]['fh'] > vrc_mopening_pick[4][b]['th'] && pick_secs > break_from_secs && pick_secs > break_to_secs) {\r\n\t\t\t\t\t\t\/\/ overnight break, with time before midnight\r\n\t\t\t\t\t\talert(break_mess);\r\n\t\t\t\t\t\treturn false;\r\n\t\t\t\t\t}\r\n\t\t\t\t}\r\n\t\t\t}\r\n\t\t}\r\n\r\n\t\tif (vrc_mopening_drop !== null) {\r\n\t\t\t\/\/ dropoff time\r\n\t\t\tvar droph = jQuery('#vrccomseldh').find('select').val();\r\n\t\t\tvar dropm = jQuery('#vrccomseldm').find('select').val();\r\n\t\t\tif (!droph || !droph.length || !dropm) {\r\n\t\t\t\treturn true;\r\n\t\t\t}\r\n\t\t\tdroph = vrcCleanNumber(droph);\r\n\t\t\tdropm = vrcCleanNumber(dropm);\r\n\t\t\tif (droph == vrc_mopening_drop[0]) {\r\n\t\t\t\tif (dropm > vrc_mopening_drop[1]) {\r\n\t\t\t\t\t\/\/ location is already closed at this time\r\n\t\t\t\t\tjQuery('#vrccomseldm').find('select').html('<option value=\"'+vrc_mopening_drop[1]+'\">'+(vrc_mopening_drop[1] < 10 ? '0'+vrc_mopening_drop[1] : vrc_mopening_drop[1])+'<\/option>').val(vrc_mopening_drop[1]);\r\n\t\t\t\t\talert(Joomla.JText._('VRC_LOC_WILL_CLOSE_TIME').replace('%s', vrcFormatTime(vrc_mopening_drop[0], vrc_mopening_drop[1])));\r\n\t\t\t\t\t\/\/ do not return false as we are overwriting the drop off time\r\n\t\t\t\t\t\/\/ return false;\r\n\t\t\t\t}\r\n\t\t\t}\r\n\t\t\tif (droph == vrc_mopening_drop[2]) {\r\n\t\t\t\tif (dropm < vrc_mopening_drop[3]) {\r\n\t\t\t\t\t\/\/ location is still closed at this time for a drop off\r\n\t\t\t\t\tjQuery('#vrccomseldm').find('select').html('<option value=\"'+vrc_mopening_drop[3]+'\">'+(vrc_mopening_drop[3] < 10 ? '0'+vrc_mopening_drop[3] : vrc_mopening_drop[3])+'<\/option>').val(vrc_mopening_drop[3]);\r\n\t\t\t\t\talert(Joomla.JText._('VRC_LOC_WILL_OPEN_TIME').replace('%s', vrcFormatTime(vrc_mopening_drop[2], vrc_mopening_drop[3])));\r\n\t\t\t\t\t\/\/ do not return false as we are overwriting the drop off time\r\n\t\t\t\t\t\/\/ return false;\r\n\t\t\t\t}\r\n\t\t\t}\r\n\t\t\t\/\/ check for breaks\r\n\t\t\tif (vrc_mopening_drop[4] && vrc_mopening_drop[4].length) {\r\n\t\t\t\tfor (var b = 0; b < vrc_mopening_drop[4].length; b++) {\r\n\t\t\t\t\tif (!vrc_mopening_drop[4][b].hasOwnProperty('fh')) {\r\n\t\t\t\t\t\tcontinue;\r\n\t\t\t\t\t}\r\n\t\t\t\t\tvar break_mess = Joomla.JText._('VRC_DROPLOC_IS_ON_BREAK_TIME_FROM_TO')\r\n\t\t\t\t\t\t.replace('%s', vrcFormatTime(vrc_mopening_drop[4][b]['fh'], vrc_mopening_drop[4][b]['fm']))\r\n\t\t\t\t\t\t.replace('%s', vrcFormatTime(vrc_mopening_drop[4][b]['th'], vrc_mopening_drop[4][b]['tm']));\r\n\t\t\t\t\tvar break_from_secs = (vrc_mopening_drop[4][b]['fh'] * 3600) + (vrc_mopening_drop[4][b]['fm'] * 60);\r\n\t\t\t\t\tvar break_to_secs = (vrc_mopening_drop[4][b]['th'] * 3600) + (vrc_mopening_drop[4][b]['tm'] * 60);\r\n\t\t\t\t\tvar drop_secs = (droph * 3600) + (dropm * 60);\r\n\t\t\t\t\tif (drop_secs > break_from_secs && drop_secs < break_to_secs) {\r\n\t\t\t\t\t\t\/\/ the location is on break at this time\r\n\t\t\t\t\t\talert(break_mess);\r\n\t\t\t\t\t\treturn false;\r\n\t\t\t\t\t} else if (vrc_mopening_drop[4][b]['fh'] > vrc_mopening_drop[4][b]['th'] && drop_secs < break_from_secs && drop_secs < break_to_secs) {\r\n\t\t\t\t\t\t\/\/ overnight break, with time after midnight\r\n\t\t\t\t\t\talert(break_mess);\r\n\t\t\t\t\t\treturn false;\r\n\t\t\t\t\t} else if (vrc_mopening_drop[4][b]['fh'] > vrc_mopening_drop[4][b]['th'] && drop_secs > break_from_secs && drop_secs > break_to_secs) {\r\n\t\t\t\t\t\t\/\/ overnight break, with time before midnight\r\n\t\t\t\t\t\talert(break_mess);\r\n\t\t\t\t\t\treturn false;\r\n\t\t\t\t\t}\r\n\t\t\t\t}\r\n\t\t\t}\r\n\t\t}\r\n\r\n\t\treturn true;\r\n\t}\r\n\t<\/script>\r\n\t\n<\/div>\n\n\n<\/div>\n\n<div class=\"gb-container gb-container-e3ae3fdf info-offcanvas\">\n<div class=\"gb-container gb-container-9bceedcb\">\n\n<button class=\"gb-button gb-button-8121654a close-info\"><span class=\"gb-icon\"><svg viewbox=\"0 0 24 24\" xmlns=\"http:\/\/www.w3.org\/2000\/svg\"><path d=\"M19 6.41L17.59 5 12 10.59 6.41 5 5 6.41 10.59 12 5 17.59 6.41 19 12 13.41 17.59 19 19 17.59 13.41 12z\"><\/path><\/svg><\/span><\/button>\n\n<\/div>\n\n<div class=\"gb-container gb-container-9d54b97f\">\n\n<div class=\"gb-headline gb-headline-14489217 gb-headline-text info-title\">titullin<\/div>\n\n\n\n<div class=\"gb-headline gb-headline-7c07c8b5 gb-headline-text infobox-text\">teksti<\/div>\n\n<\/div>\n<\/div>\n\n<script>\n(function ($) {\n\t\n\tconst results = $('.car_result');\n\t\n\tconst carOpts = $('.car_buttons_box,.vrc-oconfirm-footer');\n\t\n\tconst cancellPol = $('.cancell-pol');\n\t\n\tif(carOpts.length) carOpts.before(cancellPol.css('margin-top', '10px'));\n\t\n\tresults.each(function() {\n\t\t const result = $(this);\n\t\t const loopCarats = result.find('.vrc-car-result-characteristics');\n  \t\t const bottomContainer = result.find('.vrc-car-lastblock');\n\t\t const cost = result.find('.vrc-car-price');\n\t\t const category = result.find('.vrc-car-category');\n\t\tconst title = result.find('.vrc-car-name');\n\t\tconst btn = result.find('.booknow');\n\t\t\n\t\tbtn.attr('value', 'Rent It')\n\t\t\n\t\t\n\t\tconst topContainer = result.find('.vrc-car-result-inner');\n\t\t\n\t\t title.before(category);\n\t\t\n\t\t topContainer.append(cost);\n  \t\t topContainer.append(loopCarats);\n\t});\n\n  \n\t\n\n})(jQuery);\n<\/script>","protected":false},"excerpt":{"rendered":"<p>K\u00ebrko<\/p>","protected":false},"author":1,"featured_media":0,"parent":0,"menu_order":0,"comment_status":"closed","ping_status":"closed","template":"","meta":{"footnotes":""},"class_list":["post-92","page","type-page","status-publish"],"_links":{"self":[{"href":"https:\/\/driveinalbania.com\/al\/wp-json\/wp\/v2\/pages\/92","targetHints":{"allow":["GET"]}}],"collection":[{"href":"https:\/\/driveinalbania.com\/al\/wp-json\/wp\/v2\/pages"}],"about":[{"href":"https:\/\/driveinalbania.com\/al\/wp-json\/wp\/v2\/types\/page"}],"author":[{"embeddable":true,"href":"https:\/\/driveinalbania.com\/al\/wp-json\/wp\/v2\/users\/1"}],"replies":[{"embeddable":true,"href":"https:\/\/driveinalbania.com\/al\/wp-json\/wp\/v2\/comments?post=92"}],"version-history":[{"count":12,"href":"https:\/\/driveinalbania.com\/al\/wp-json\/wp\/v2\/pages\/92\/revisions"}],"predecessor-version":[{"id":6234,"href":"https:\/\/driveinalbania.com\/al\/wp-json\/wp\/v2\/pages\/92\/revisions\/6234"}],"wp:attachment":[{"href":"https:\/\/driveinalbania.com\/al\/wp-json\/wp\/v2\/media?parent=92"}],"curies":[{"name":"wp","href":"https:\/\/api.w.org\/{rel}","templated":true}]}}