{"id":701,"date":"2024-09-18T14:43:31","date_gmt":"2024-09-18T14:43:31","guid":{"rendered":"https:\/\/shehu.growizzcrm.com\/user-order\/"},"modified":"2024-09-18T14:43:48","modified_gmt":"2024-09-18T14:43:48","slug":"porosia-e-perdoruesit","status":"publish","type":"page","link":"https:\/\/driveinalbania.com\/al\/porosia-e-perdoruesit\/","title":{"rendered":"Porosia e p\u00ebrdoruesit"},"content":{"rendered":"<div class=\"gb-container gb-container-70b44b14\">\n\n\n<div class=\"wrap plugin-container\">\n\n\t\n\t\n\t\t<div class=\"vrcsearchconfnumb\">\r\n\t\t<form action=\"https:\/\/driveinalbania.com\/al\/porosia-e-perdoruesit\/\" method=\"post\" data-trp-original-action=\"https:\/\/driveinalbania.com\/al\/porosia-e-perdoruesit\/\">\r\n\t\t\t<input type=\"hidden\" name=\"option\" value=\"com_vikrentcar\"\/>\r\n\t\t\t<input type=\"hidden\" name=\"view\" value=\"userorders\"\/>\r\n\t\t\t<input type=\"hidden\" name=\"searchorder\" value=\"1\"\/>\r\n\t\t\t<div class=\"vrcconfnumbinp\">\r\n\t\t\t\t<label for=\"vrcconfnum\">Numri i Konfirmimit ose Kodi PIN<\/label>\r\n\t\t\t\t<input type=\"text\" name=\"confirmnum\" value=\"\" size=\"25\" id=\"vrcconfnum\"\/>\r\n\t\t\t<\/div>\r\n\t\t\t<div class=\"vrcconfnumbsubm\">\r\n\t\t\t\t<input type=\"submit\" name=\"searchconfnum\" class=\"btn vrc-pref-color-btn\" value=\"Renditja e K\u00ebrkimit\"\/>\r\n\t\t\t<\/div>\r\n\t\t<input type=\"hidden\" name=\"trp-form-language\" value=\"al\"\/><\/form>\r\n\t<\/div>\r\n\t\t<p class=\"vrcuserordersparag\">Nuk u gjet\u00ebn rezervime p\u00ebr k\u00ebt\u00eb llogari<\/p>\r\n\t<div class=\"vrc-pagination-footer\"><\/div>\r\n\n<\/div>\n\n\n<\/div>","protected":false},"excerpt":{"rendered":"","protected":false},"author":1,"featured_media":0,"parent":0,"menu_order":0,"comment_status":"closed","ping_status":"closed","template":"","meta":{"footnotes":""},"class_list":["post-701","page","type-page","status-publish"],"_links":{"self":[{"href":"https:\/\/driveinalbania.com\/al\/wp-json\/wp\/v2\/pages\/701","targetHints":{"allow":["GET"]}}],"collection":[{"href":"https:\/\/driveinalbania.com\/al\/wp-json\/wp\/v2\/pages"}],"about":[{"href":"https:\/\/driveinalbania.com\/al\/wp-json\/wp\/v2\/types\/page"}],"author":[{"embeddable":true,"href":"https:\/\/driveinalbania.com\/al\/wp-json\/wp\/v2\/users\/1"}],"replies":[{"embeddable":true,"href":"https:\/\/driveinalbania.com\/al\/wp-json\/wp\/v2\/comments?post=701"}],"version-history":[{"count":1,"href":"https:\/\/driveinalbania.com\/al\/wp-json\/wp\/v2\/pages\/701\/revisions"}],"predecessor-version":[{"id":702,"href":"https:\/\/driveinalbania.com\/al\/wp-json\/wp\/v2\/pages\/701\/revisions\/702"}],"wp:attachment":[{"href":"https:\/\/driveinalbania.com\/al\/wp-json\/wp\/v2\/media?parent=701"}],"curies":[{"name":"wp","href":"https:\/\/api.w.org\/{rel}","templated":true}]}}